{"id":66,"date":"2019-10-23T12:28:31","date_gmt":"2019-10-23T12:28:31","guid":{"rendered":"https:\/\/sktthemesdemo.net\/medical\/?page_id=66"},"modified":"2021-05-25T12:28:01","modified_gmt":"2021-05-25T10:28:01","slug":"about","status":"publish","type":"page","link":"https:\/\/www.bildungswelt-st-barbara.at\/?page_id=66","title":{"rendered":"About"},"content":{"rendered":"\t\t<div data-elementor-type=\"wp-page\" data-elementor-id=\"66\" class=\"elementor elementor-66\" data-elementor-post-type=\"page\">\n\t\t\t\t\t\t<section class=\"elementor-section elementor-top-section elementor-element elementor-element-c2f79a7 elementor-section-boxed elementor-section-height-default elementor-section-height-default\" data-id=\"c2f79a7\" data-element_type=\"section\">\n\t\t\t\t\t\t<div class=\"elementor-container elementor-column-gap-default\">\n\t\t\t\t\t<div class=\"elementor-column elementor-col-100 elementor-top-column elementor-element elementor-element-a96b1a9\" data-id=\"a96b1a9\" data-element_type=\"column\">\n\t\t\t<div class=\"elementor-widget-wrap elementor-element-populated\">\n\t\t\t\t\t\t<div class=\"elementor-element elementor-element-2b1e9a8 elementor-widget elementor-widget-text-editor\" data-id=\"2b1e9a8\" data-element_type=\"widget\" data-widget_type=\"text-editor.default\">\n\t\t\t\t<div class=\"elementor-widget-container\">\n\t\t\t\t\t\t\t<p><b>Marktgemeinde Sankt Barbara im M\u00fcrztal<\/b><br \/>Stelzhamerstrasse 7<br \/>A &#8211; 8662 St. Barbara<br \/>Tel.: +43 3858 22 03 &#8211; 0<br \/><a>gde@st-barbara.gv.at<\/a><\/p><p>F\u00fcr den Inhalt verantwortlich:<br \/>B\u00fcrgermeister der Marktgemeinde Sankt Barbara<br \/>Jochen Jance<br \/><a>jochen.jance@st-barbara.gv.at<\/a><\/p>\t\t\t\t\t\t<\/div>\n\t\t\t\t<\/div>\n\t\t\t\t\t<\/div>\n\t\t<\/div>\n\t\t\t\t\t<\/div>\n\t\t<\/section>\n\t\t\t\t<section class=\"elementor-section elementor-top-section elementor-element elementor-element-2df1423a elementor-section-boxed elementor-section-height-default elementor-section-height-default\" data-id=\"2df1423a\" data-element_type=\"section\">\n\t\t\t\t\t\t<div class=\"elementor-container elementor-column-gap-default\">\n\t\t\t\t\t<div class=\"elementor-column elementor-col-100 elementor-top-column elementor-element elementor-element-472f64d9\" data-id=\"472f64d9\" data-element_type=\"column\">\n\t\t\t<div class=\"elementor-widget-wrap\">\n\t\t\t\t\t\t\t<\/div>\n\t\t<\/div>\n\t\t\t\t\t<\/div>\n\t\t<\/section>\n\t\t\t\t<\/div>\n\t\t","protected":false},"excerpt":{"rendered":"<p>Marktgemeinde Sankt Barbara im M\u00fcrztalStelzhamerstrasse 7A &#8211; 8662 St. BarbaraTel.: +43 3858 22 03 &#8211; 0gde@st-barbara.gv.at F\u00fcr den Inhalt verantwortlich:B\u00fcrgermeister der Marktgemeinde Sankt BarbaraJochen Jancejochen.jance@st-barbara.gv.at<\/p>\n","protected":false},"author":1,"featured_media":0,"parent":0,"menu_order":0,"comment_status":"closed","ping_status":"closed","template":"templates\/page-builder.php","meta":{"footnotes":""},"class_list":["post-66","page","type-page","status-publish","hentry"],"_links":{"self":[{"href":"https:\/\/www.bildungswelt-st-barbara.at\/index.php?rest_route=\/wp\/v2\/pages\/66","targetHints":{"allow":["GET"]}}],"collection":[{"href":"https:\/\/www.bildungswelt-st-barbara.at\/index.php?rest_route=\/wp\/v2\/pages"}],"about":[{"href":"https:\/\/www.bildungswelt-st-barbara.at\/index.php?rest_route=\/wp\/v2\/types\/page"}],"author":[{"embeddable":true,"href":"https:\/\/www.bildungswelt-st-barbara.at\/index.php?rest_route=\/wp\/v2\/users\/1"}],"replies":[{"embeddable":true,"href":"https:\/\/www.bildungswelt-st-barbara.at\/index.php?rest_route=%2Fwp%2Fv2%2Fcomments&post=66"}],"version-history":[{"count":4,"href":"https:\/\/www.bildungswelt-st-barbara.at\/index.php?rest_route=\/wp\/v2\/pages\/66\/revisions"}],"predecessor-version":[{"id":396,"href":"https:\/\/www.bildungswelt-st-barbara.at\/index.php?rest_route=\/wp\/v2\/pages\/66\/revisions\/396"}],"wp:attachment":[{"href":"https:\/\/www.bildungswelt-st-barbara.at\/index.php?rest_route=%2Fwp%2Fv2%2Fmedia&parent=66"}],"curies":[{"name":"wp","href":"https:\/\/api.w.org\/{rel}","templated":true}]}}