{"id":10,"date":"2019-10-23T11:50:41","date_gmt":"2019-10-23T11:50:41","guid":{"rendered":"https:\/\/sktthemesdemo.net\/medical\/?page_id=10"},"modified":"2024-03-19T13:39:12","modified_gmt":"2024-03-19T12:39:12","slug":"home","status":"publish","type":"page","link":"https:\/\/www.bildungswelt-st-barbara.at\/","title":{"rendered":"Home"},"content":{"rendered":"\t\t<div data-elementor-type=\"wp-page\" data-elementor-id=\"10\" class=\"elementor elementor-10\" data-elementor-post-type=\"page\">\n\t\t\t\t\t\t<section class=\"elementor-section elementor-top-section elementor-element elementor-element-403beb2 elementor-hidden-desktop elementor-hidden-tablet elementor-section-boxed elementor-section-height-default elementor-section-height-default\" data-id=\"403beb2\" data-element_type=\"section\">\n\t\t\t\t\t\t<div class=\"elementor-container elementor-column-gap-default\">\n\t\t\t\t\t<div class=\"elementor-column elementor-col-100 elementor-top-column elementor-element elementor-element-446e818\" data-id=\"446e818\" data-element_type=\"column\">\n\t\t\t<div class=\"elementor-widget-wrap elementor-element-populated\">\n\t\t\t\t\t\t<div class=\"elementor-element elementor-element-7390645 elementor-widget elementor-widget-text-editor\" data-id=\"7390645\" data-element_type=\"widget\" data-widget_type=\"text-editor.default\">\n\t\t\t\t<div class=\"elementor-widget-container\">\n\t\t\t\t\t\t\t<p>Seit einiger Zeit setzen sich die Bildungseinrichtungen unserer Marktgemeinde damit auseinander, ein gemeinsames Konzept f\u00fcr Bildung zu entwickeln. Unsere Institutionen, beginnend vom EKIZ M\u00fcrztal \u00fcber Kinderkrippen, Kinderg\u00e4rten, unseren drei Volksschulen bis hin zur Musik-Mittelschule, arbeiten an einem Bildungsnetzwerk, das die Bildung der Kinder und Jugendlichen in den Mittelpunkt stellt und die Vielfalt unserer Einrichtungen miteinander verbindet.<\/p>\t\t\t\t\t\t<\/div>\n\t\t\t\t<\/div>\n\t\t\t\t\t<\/div>\n\t\t<\/div>\n\t\t\t\t\t<\/div>\n\t\t<\/section>\n\t\t\t\t<section class=\"elementor-section elementor-top-section elementor-element elementor-element-ddd9c82 elementor-section-boxed elementor-section-height-default elementor-section-height-default\" data-id=\"ddd9c82\" data-element_type=\"section\">\n\t\t\t\t\t\t<div class=\"elementor-container elementor-column-gap-default\">\n\t\t\t\t\t<div class=\"elementor-column elementor-col-100 elementor-top-column elementor-element elementor-element-a8e32a4\" data-id=\"a8e32a4\" data-element_type=\"column\">\n\t\t\t<div class=\"elementor-widget-wrap elementor-element-populated\">\n\t\t\t\t\t\t<div class=\"elementor-element elementor-element-2a020780 elementor-widget elementor-widget-image\" data-id=\"2a020780\" data-element_type=\"widget\" data-widget_type=\"image.default\">\n\t\t\t\t<div class=\"elementor-widget-container\">\n\t\t\t\t\t\t\t\t\t\t\t\t\t<img decoding=\"async\" width=\"87\" height=\"96\" src=\"https:\/\/www.bildungswelt-st-barbara.at\/wp-content\/uploads\/2019\/11\/featured_icon1.png\" class=\"attachment-full size-full wp-image-285\" alt=\"\" \/>\t\t\t\t\t\t\t\t\t\t\t\t\t<\/div>\n\t\t\t\t<\/div>\n\t\t\t\t<div class=\"elementor-element elementor-element-d318adc elementor-widget elementor-widget-heading\" data-id=\"d318adc\" data-element_type=\"widget\" data-widget_type=\"heading.default\">\n\t\t\t\t<div class=\"elementor-widget-container\">\n\t\t\t<h2 class=\"elementor-heading-title elementor-size-default\"><a href=\"#\">Unsere Bildungseinrichtungen<\/a><\/h2>\t\t<\/div>\n\t\t\t\t<\/div>\n\t\t\t\t<div class=\"elementor-element elementor-element-40a952e0 elementor-widget-divider--view-line elementor-widget elementor-widget-divider\" data-id=\"40a952e0\" data-element_type=\"widget\" data-widget_type=\"divider.default\">\n\t\t\t\t<div class=\"elementor-widget-container\">\n\t\t\t\t\t<div class=\"elementor-divider\">\n\t\t\t<span class=\"elementor-divider-separator\">\n\t\t\t\t\t\t<\/span>\n\t\t<\/div>\n\t\t\t\t<\/div>\n\t\t\t\t<\/div>\n\t\t\t\t<section class=\"elementor-section elementor-inner-section elementor-element elementor-element-3b1bf51 elementor-section-boxed elementor-section-height-default elementor-section-height-default\" data-id=\"3b1bf51\" data-element_type=\"section\">\n\t\t\t\t\t\t<div class=\"elementor-container elementor-column-gap-default\">\n\t\t\t\t\t<div class=\"elementor-column elementor-col-50 elementor-inner-column elementor-element elementor-element-362e0f5\" data-id=\"362e0f5\" data-element_type=\"column\">\n\t\t\t<div class=\"elementor-widget-wrap elementor-element-populated\">\n\t\t\t\t\t\t<div class=\"elementor-element elementor-element-4357f4f elementor-widget elementor-widget-text-editor\" data-id=\"4357f4f\" data-element_type=\"widget\" data-widget_type=\"text-editor.default\">\n\t\t\t\t<div class=\"elementor-widget-container\">\n\t\t\t\t\t\t\t<ul>\n<li>EKIZ M\u00fcrztal<\/li>\n<li>Kindergarten und Kinderkrippe Veitsch<\/li>\n<li>Zaubervilla St. Barbara<\/li>\n<li>Volksschule Veitsch<\/li>\n<li>Musik-Mittelschule St. Barbara<\/li>\n<\/ul>\t\t\t\t\t\t<\/div>\n\t\t\t\t<\/div>\n\t\t\t\t\t<\/div>\n\t\t<\/div>\n\t\t\t\t<div class=\"elementor-column elementor-col-50 elementor-inner-column elementor-element elementor-element-873e368\" data-id=\"873e368\" data-element_type=\"column\">\n\t\t\t<div class=\"elementor-widget-wrap elementor-element-populated\">\n\t\t\t\t\t\t<div class=\"elementor-element elementor-element-a372502 elementor-widget elementor-widget-text-editor\" data-id=\"a372502\" data-element_type=\"widget\" data-widget_type=\"text-editor.default\">\n\t\t\t\t<div class=\"elementor-widget-container\">\n\t\t\t\t\t\t\t<ul>\n<li>Kindergarten Mitterdorf\u00a0<\/li>\n<li>Kindergarten Wartberg<\/li>\n<li>Volksschule Mitterdorf<\/li>\n<li>Volksschule Wartberg<\/li>\n<\/ul>\t\t\t\t\t\t<\/div>\n\t\t\t\t<\/div>\n\t\t\t\t\t<\/div>\n\t\t<\/div>\n\t\t\t\t\t<\/div>\n\t\t<\/section>\n\t\t\t\t\t<\/div>\n\t\t<\/div>\n\t\t\t\t\t<\/div>\n\t\t<\/section>\n\t\t\t\t<section class=\"elementor-section elementor-top-section elementor-element elementor-element-e891986 elementor-section-boxed elementor-section-height-default elementor-section-height-default\" data-id=\"e891986\" data-element_type=\"section\">\n\t\t\t\t\t\t<div class=\"elementor-container elementor-column-gap-default\">\n\t\t\t\t\t<div class=\"elementor-column elementor-col-100 elementor-top-column elementor-element elementor-element-748c93dc\" data-id=\"748c93dc\" data-element_type=\"column\">\n\t\t\t<div class=\"elementor-widget-wrap elementor-element-populated\">\n\t\t\t\t\t\t<section class=\"elementor-section elementor-inner-section elementor-element elementor-element-3e3203c9 elementor-hidden-desktop elementor-hidden-tablet elementor-hidden-mobile elementor-section-boxed elementor-section-height-default elementor-section-height-default\" data-id=\"3e3203c9\" data-element_type=\"section\">\n\t\t\t\t\t\t<div class=\"elementor-container elementor-column-gap-default\">\n\t\t\t\t\t<div class=\"elementor-column elementor-col-50 elementor-inner-column elementor-element elementor-element-701006f7\" data-id=\"701006f7\" data-element_type=\"column\">\n\t\t\t<div class=\"elementor-widget-wrap elementor-element-populated\">\n\t\t\t\t\t\t<div class=\"elementor-element elementor-element-6306bf72 elementor-widget elementor-widget-image\" data-id=\"6306bf72\" data-element_type=\"widget\" data-widget_type=\"image.default\">\n\t\t\t\t<div class=\"elementor-widget-container\">\n\t\t\t\t\t\t\t\t\t\t\t\t\t<img fetchpriority=\"high\" decoding=\"async\" width=\"470\" height=\"378\" src=\"https:\/\/www.bildungswelt-st-barbara.at\/wp-content\/uploads\/2019\/11\/friendly.png\" class=\"attachment-full size-full wp-image-288\" alt=\"\" srcset=\"https:\/\/www.bildungswelt-st-barbara.at\/wp-content\/uploads\/2019\/11\/friendly.png 470w, https:\/\/www.bildungswelt-st-barbara.at\/wp-content\/uploads\/2019\/11\/friendly-300x241.png 300w\" sizes=\"(max-width: 470px) 100vw, 470px\" \/>\t\t\t\t\t\t\t\t\t\t\t\t\t<\/div>\n\t\t\t\t<\/div>\n\t\t\t\t\t<\/div>\n\t\t<\/div>\n\t\t\t\t<div class=\"elementor-column elementor-col-50 elementor-inner-column elementor-element elementor-element-3036758c\" data-id=\"3036758c\" data-element_type=\"column\">\n\t\t\t<div class=\"elementor-widget-wrap elementor-element-populated\">\n\t\t\t\t\t\t<div class=\"elementor-element elementor-element-30ff0e15 elementor-widget elementor-widget-heading\" data-id=\"30ff0e15\" data-element_type=\"widget\" data-widget_type=\"heading.default\">\n\t\t\t\t<div class=\"elementor-widget-container\">\n\t\t\t<h2 class=\"elementor-heading-title elementor-size-default\">LOGOWETTBEWERB<\/h2>\t\t<\/div>\n\t\t\t\t<\/div>\n\t\t\t\t<div class=\"elementor-element elementor-element-2e09c5a0 elementor-widget elementor-widget-heading\" data-id=\"2e09c5a0\" data-element_type=\"widget\" data-widget_type=\"heading.default\">\n\t\t\t\t<div class=\"elementor-widget-container\">\n\t\t\t<div class=\"elementor-heading-title elementor-size-default\">Wir brauchen euch alle!<br\/><br\/>Um ein sch\u00f6nes, gemeinsames, verbindendes LOGO f\u00fcr die \u201eBildungswelt St. Barbara\u201c zu haben, laden wir alle B\u00fcrgerInnen von St. Barbara zu einem Logowettbewerb ein.<br><br>Jeder von Jung bis Alt kann daran teilnehmen und der Kreativit\u00e4t freien Lauf lassen!<br><br>Einsendeschluss: <b>21.6.2021<\/b> <br><br>Abgabe: in der Gemeinde, den B\u00fcrgerservicestellen, per Mail an <b>info@bildungswelt-st-barbara.at<\/b> oder per Post an <b>Stelzhamerstrasse 7, 8662 St. Barbara<\/b>.<br><br>Name und Erreichbarkeit angeben. KENNWORT: Logo Bildungswelt St. Barbara.<br><br>Als Gewinn winken <b>EUR 50,-<\/b> in Form von St. Barbara Gutscheinen. <br><br>Das Gewinnerlogo wird am <b>9. Juli 2021<\/b> gek\u00fcrt.<br><\/div>\t\t<\/div>\n\t\t\t\t<\/div>\n\t\t\t\t<div class=\"elementor-element elementor-element-f081131 elementor-align-center elementor-widget elementor-widget-button\" data-id=\"f081131\" data-element_type=\"widget\" data-widget_type=\"button.default\">\n\t\t\t\t<div class=\"elementor-widget-container\">\n\t\t\t\t\t<div class=\"elementor-button-wrapper\">\n\t\t\t<a class=\"elementor-button elementor-button-link elementor-size-xl\" href=\"mailto:logo@bildungswelt-st-barbara.at\">\n\t\t\t\t\t\t<span class=\"elementor-button-content-wrapper\">\n\t\t\t\t\t\t<span class=\"elementor-button-text\">E-Mail<\/span>\n\t\t<\/span>\n\t\t\t\t\t<\/a>\n\t\t<\/div>\n\t\t\t\t<\/div>\n\t\t\t\t<\/div>\n\t\t\t\t\t<\/div>\n\t\t<\/div>\n\t\t\t\t\t<\/div>\n\t\t<\/section>\n\t\t\t\t\t<\/div>\n\t\t<\/div>\n\t\t\t\t\t<\/div>\n\t\t<\/section>\n\t\t\t\t<section class=\"elementor-section elementor-top-section elementor-element elementor-element-79eeb3d6 elementor-section-boxed elementor-section-height-default elementor-section-height-default\" data-id=\"79eeb3d6\" data-element_type=\"section\" data-settings=\"{&quot;background_background&quot;:&quot;classic&quot;}\">\n\t\t\t\t\t\t<div class=\"elementor-container elementor-column-gap-default\">\n\t\t\t\t\t<div class=\"elementor-column elementor-col-100 elementor-top-column elementor-element elementor-element-20c432fa\" data-id=\"20c432fa\" data-element_type=\"column\">\n\t\t\t<div class=\"elementor-widget-wrap elementor-element-populated\">\n\t\t\t\t\t\t<div class=\"elementor-element elementor-element-57cd4e5a elementor-widget elementor-widget-heading\" data-id=\"57cd4e5a\" data-element_type=\"widget\" data-widget_type=\"heading.default\">\n\t\t\t\t<div class=\"elementor-widget-container\">\n\t\t\t<h2 class=\"elementor-heading-title elementor-size-default\">Leitbild<\/h2>\t\t<\/div>\n\t\t\t\t<\/div>\n\t\t\t\t<div class=\"elementor-element elementor-element-fbe1213 elementor-widget elementor-widget-text-editor\" data-id=\"fbe1213\" data-element_type=\"widget\" data-widget_type=\"text-editor.default\">\n\t\t\t\t<div class=\"elementor-widget-container\">\n\t\t\t\t\t\t\t<p>Das Ziel der Bildungswelt St. Barbara ist, eine lebendige Kommunikation mit guter Vernetzung f\u00fcr das lebenslange Lernen in St. Barbara zu schaffen. Die Vielfalt der Institutionen weckt und f\u00f6rdert Interessen und schafft kreative Lernumgebungen.<\/p>\n<p><br \/>Wir sehen Bildung als das h\u00f6chste Gut f\u00fcr eine erfolgreiche Zukunft aller Generationen. Mit der Bildungswelt St. Barbara schaffen wir daf\u00fcr den gleichberechtigten Zugang zu allen Bildungsbereichen.<\/p>\n<p><br \/>Die Kinder und Jugendlichen sind die zentralen AkteurInnen. Sie stehen im Mittelpunkt, werden gest\u00e4rkt und sichtbar gemacht. Respektvoller Umgang, ganzheitliche Zug\u00e4nge, Partizipation und Wertsch\u00e4tzung sind die Hauptwerte der Bildungswelt St. Barbara.<\/p>\n<p><br \/>Die Kooperation erm\u00f6glicht den Kindern und Jugendlichen flie\u00dfende und erfolgreiche \u00dcberg\u00e4nge zwischen allen Bildungseinrichtungen. Wir b\u00fcndeln unsere Kompetenzen, st\u00e4rken unsere Standorte und schaffen mit unserem gemeinsamen Wissen die Bildungswelt St. Barbara.<\/p>\t\t\t\t\t\t<\/div>\n\t\t\t\t<\/div>\n\t\t\t\t\t<\/div>\n\t\t<\/div>\n\t\t\t\t\t<\/div>\n\t\t<\/section>\n\t\t\t\t<section class=\"elementor-section elementor-top-section elementor-element elementor-element-1aba33a6 elementor-section-boxed elementor-section-height-default elementor-section-height-default\" data-id=\"1aba33a6\" data-element_type=\"section\" data-settings=\"{&quot;background_background&quot;:&quot;classic&quot;}\">\n\t\t\t\t\t\t<div class=\"elementor-container elementor-column-gap-default\">\n\t\t\t\t\t<div class=\"elementor-column elementor-col-100 elementor-top-column elementor-element elementor-element-492c092a\" data-id=\"492c092a\" data-element_type=\"column\">\n\t\t\t<div class=\"elementor-widget-wrap elementor-element-populated\">\n\t\t\t\t\t\t<div class=\"elementor-element elementor-element-7af6d25 elementor-widget elementor-widget-heading\" data-id=\"7af6d25\" data-element_type=\"widget\" data-widget_type=\"heading.default\">\n\t\t\t\t<div class=\"elementor-widget-container\">\n\t\t\t<h2 class=\"elementor-heading-title elementor-size-default\">\u00dcber das Projekt<\/h2>\t\t<\/div>\n\t\t\t\t<\/div>\n\t\t\t\t<div class=\"elementor-element elementor-element-a8af0a9 elementor-widget elementor-widget-text-editor\" data-id=\"a8af0a9\" data-element_type=\"widget\" data-widget_type=\"text-editor.default\">\n\t\t\t\t<div class=\"elementor-widget-container\">\n\t\t\t\t\t\t\t<p>Die Marktgemeinde St. Barbara beschreitet neue und verbindende Wege im Bereich der Bildung. Schon seit einem Jahr arbeiten engagierte P\u00e4dagoginnen und P\u00e4dagogen zusammen und tauschen sich \u00fcber M\u00f6glichkeiten der Vernetzung und zuk\u00fcnftige Projekte\u00a0 aus. Damit f\u00f6rdert die \u201eBildungswelt St. Barbara\u201c die bestehende Vielfalt und schafft noch mehr kreative Lernumgebungen f\u00fcr Kinder, Jugendliche und letztlich f\u00fcr alle an Bildung Interessierten.<\/p>\n<p>Im September 2021 starten wir mit der praktischen Umsetzung, um alle Kinder in St. Barbara \u201ebegeistert zu bilden\u201c.<\/p>\t\t\t\t\t\t<\/div>\n\t\t\t\t<\/div>\n\t\t\t\t\t<\/div>\n\t\t<\/div>\n\t\t\t\t\t<\/div>\n\t\t<\/section>\n\t\t\t\t<\/div>\n\t\t","protected":false},"excerpt":{"rendered":"<p>Seit einiger Zeit setzen sich die Bildungseinrichtungen unserer Marktgemeinde damit auseinander, ein gemeinsames Konzept f\u00fcr Bildung zu entwickeln. Unsere Institutionen, beginnend vom EKIZ M\u00fcrztal \u00fcber Kinderkrippen, Kinderg\u00e4rten, unseren drei Volksschulen bis hin zur Musik-Mittelschule, arbeiten an einem Bildungsnetzwerk, das die Bildung der Kinder und Jugendlichen in den Mittelpunkt stellt und die Vielfalt unserer Einrichtungen miteinander<br \/><a class=\"moretag\" href=\"https:\/\/www.bildungswelt-st-barbara.at\/\">+ Read More<\/a><\/p>\n","protected":false},"author":1,"featured_media":0,"parent":0,"menu_order":0,"comment_status":"closed","ping_status":"closed","template":"templates\/page-builder.php","meta":{"footnotes":""},"class_list":["post-10","page","type-page","status-publish","hentry"],"_links":{"self":[{"href":"https:\/\/www.bildungswelt-st-barbara.at\/index.php?rest_route=\/wp\/v2\/pages\/10","targetHints":{"allow":["GET"]}}],"collection":[{"href":"https:\/\/www.bildungswelt-st-barbara.at\/index.php?rest_route=\/wp\/v2\/pages"}],"about":[{"href":"https:\/\/www.bildungswelt-st-barbara.at\/index.php?rest_route=\/wp\/v2\/types\/page"}],"author":[{"embeddable":true,"href":"https:\/\/www.bildungswelt-st-barbara.at\/index.php?rest_route=\/wp\/v2\/users\/1"}],"replies":[{"embeddable":true,"href":"https:\/\/www.bildungswelt-st-barbara.at\/index.php?rest_route=%2Fwp%2Fv2%2Fcomments&post=10"}],"version-history":[{"count":25,"href":"https:\/\/www.bildungswelt-st-barbara.at\/index.php?rest_route=\/wp\/v2\/pages\/10\/revisions"}],"predecessor-version":[{"id":413,"href":"https:\/\/www.bildungswelt-st-barbara.at\/index.php?rest_route=\/wp\/v2\/pages\/10\/revisions\/413"}],"wp:attachment":[{"href":"https:\/\/www.bildungswelt-st-barbara.at\/index.php?rest_route=%2Fwp%2Fv2%2Fmedia&parent=10"}],"curies":[{"name":"wp","href":"https:\/\/api.w.org\/{rel}","templated":true}]}}